{"id":2920,"date":"2022-06-12T09:41:12","date_gmt":"2022-06-12T08:41:12","guid":{"rendered":"https:\/\/urt.fo\/um\/"},"modified":"2024-11-10T18:59:05","modified_gmt":"2024-11-10T18:59:05","slug":"about","status":"publish","type":"page","link":"https:\/\/urt.fo\/en\/about\/","title":{"rendered":"About Urt"},"content":{"rendered":"<div class=\"wpb-content-wrapper\"><p>[vc_row wrap_container=&#8221;yes&#8221; css=&#8221;.vc_custom_1655488761762{margin-bottom: 30px !important;padding-top: 16px !important;}&#8221;][vc_column width=&#8221;5\/6&#8243; offset=&#8221;vc_col-md-offset-2 vc_col-md-8 vc_col-sm-offset-1&#8243;]<div class=\"porto-u-heading  wpb_custom_95aa9a11c17ad45cfabaf210d84ee7cc porto-u-55ca8359258f9a412be7e73af65d2aac \"><div class=\"porto-u-main-heading\"><h2   style=\"font-weight:700;font-size:25px;line-height:50px;\">Um<\/h2><\/div><div class=\"porto-u-sub-heading\" style=\"color: #7a7d82;font-size:15px;line-height:27px;\">\n<p class=\"p1\"><span class=\"s1\">\u00cd einum heimi, sum gongur alsamt skj\u00f3tari, gevur te okkum m\u00f8guleika at seta fer\u00f0ina ni\u00f0ur og skapa dj\u00fdpri samband vi\u00f0 okkum sj\u00e1lvi og umhv\u00f8rvi\u00f0 rundanum okkum. Hetta, at geva s\u00e6r t\u00ed\u00f0 og liva \u00ed samsp\u00e6li vi\u00f0 n\u00e1tt\u00faruna er ein t\u00fd\u00f0andi partur av okkara filosofi.<\/span><\/p>\n<h3>Hoyr innslag fr\u00e1 G\u00f3\u00f0an Morgun F\u00f8royar<\/h3>\n<p><audio class=\"wp-audio-shortcode\" id=\"audio-2920-1\" preload=\"none\" style=\"width: 100%;\" controls=\"controls\"><source type=\"audio\/mpeg\" src=\"https:\/\/urt.fo\/wp-content\/uploads\/2022\/06\/1533946.m4a?_=1\" \/><a href=\"https:\/\/urt.fo\/wp-content\/uploads\/2022\/06\/1533946.m4a\">https:\/\/urt.fo\/wp-content\/uploads\/2022\/06\/1533946.m4a<\/a><\/audio><\/div><style>.porto-u-55ca8359258f9a412be7e73af65d2aac.porto-u-heading{text-align:center}<\/style><\/div>[\/vc_column][\/vc_row][vc_row wrap_container=&#8221;yes&#8221; is_section=&#8221;yes&#8221;][vc_column][vc_column_text css=&#8221;&#8221; css_params=&#8221;&#8221;]<\/p>\n<h3 style=\"text-align: center;\">URT h\u00f8vu\u00f0sblandini eru hesi:<\/h3>\n<p>[\/vc_column_text][vc_row_inner][vc_column_inner width=&#8221;1\/3&#8243;][vc_single_image image=&#8221;2776&#8243; img_size=&#8221;medium&#8221; alignment=&#8221;center&#8221; title=&#8221;URT nr. 1&#8243;][vc_column_text]<\/p>\n<p style=\"text-align: center;\">Nota, mynta, kannubj\u00f8lluv\u00edsa &amp; fennikufr\u00e6<\/p>\n<p>[\/vc_column_text][vc_btn title=&#8221;Keyp URT nr. 1&#8243; style=&#8221;custom&#8221; custom_background=&#8221;#3b1994&#8243; custom_text=&#8221;#ebcfc8&#8243; shape=&#8221;square&#8221; size=&#8221;lg&#8221; align=&#8221;center&#8221; i_icon_fontawesome=&#8221;fas fa-shopping-basket&#8221; add_icon=&#8221;true&#8221; link=&#8221;url:https%3A%2F%2Furt.fo%2Fen%2Fhandil%2Fno-1-nettle-mint-horsetail-fennel%2F|title:Nr.%201%20%E2%80%93%20Nota%2C%20Mynta%2C%20Kannubj%C3%B8lluv%C3%ADsa%20%26%20Fennikufr%C3%A6|&#8221;][\/vc_column_inner][vc_column_inner width=&#8221;1\/3&#8243;][vc_single_image image=&#8221;2777&#8243; img_size=&#8221;medium&#8221; alignment=&#8221;center&#8221; title=&#8221;URT nr. 2&#8243;][vc_column_text css=&#8221;&#8221; css_params=&#8221;&#8221;]<\/p>\n<p style=\"text-align: center;\">Nota, fennikufr\u00e6, anisfr\u00e6, kumman &amp; lyngur<\/p>\n<p>[\/vc_column_text][vc_btn title=&#8221;Keyp URT nr. 2&#8243; style=&#8221;custom&#8221; custom_background=&#8221;#3b1994&#8243; custom_text=&#8221;#ebcfc8&#8243; shape=&#8221;square&#8221; size=&#8221;lg&#8221; align=&#8221;center&#8221; i_icon_fontawesome=&#8221;fas fa-shopping-basket&#8221; add_icon=&#8221;true&#8221; link=&#8221;url:https%3A%2F%2Furt.fo%2Fen%2Fhandil%2Fno-2-nettle-fennel-anise-cumin-heather%2F|title:Nr.%202%20%E2%80%93%20Nota%2C%20Fennikufr%C3%A6%20%26%20Anisfr%C3%A6|&#8221;][\/vc_column_inner][vc_column_inner width=&#8221;1\/3&#8243;][vc_single_image image=&#8221;2778&#8243; img_size=&#8221;medium&#8221; alignment=&#8221;center&#8221; title=&#8221;URT nr. 3&#8243;][vc_column_text css=&#8221;&#8221; css_params=&#8221;&#8221;]<\/p>\n<p style=\"text-align: center;\">Mynta, baldursbr\u00e1, lyngbl\u00f3ma &amp; hyllubl\u00f3ma<\/p>\n<p>[\/vc_column_text][vc_btn title=&#8221;Keyp URT nr. 3&#8243; style=&#8221;custom&#8221; custom_background=&#8221;#3b1994&#8243; custom_text=&#8221;#ebcfc8&#8243; shape=&#8221;square&#8221; size=&#8221;lg&#8221; align=&#8221;center&#8221; i_icon_fontawesome=&#8221;fas fa-shopping-basket&#8221; add_icon=&#8221;true&#8221; link=&#8221;url:https%3A%2F%2Furt.fo%2Fen%2Fhandil%2Fno-3-mint-chamomile-heather-elderberry%2F|title:Nr.%203%20%E2%80%93%20Mynta%2C%20Baldursbr%C3%A1%2C%20Lyngbl%C3%B3ma%20%26%20Hyllubl%C3%B3ma%20|&#8221;][\/vc_column_inner][\/vc_row_inner][\/vc_column][\/vc_row][vc_row wrap_container=&#8221;yes&#8221; disable_element=&#8221;yes&#8221; css=&#8221;.vc_custom_1656689022332{padding-top: 32px !important;padding-bottom: 16px !important;}&#8221;][vc_column]<div class=\"porto-u-heading  wpb_custom_95aa9a11c17ad45cfabaf210d84ee7cc porto-u-55ca8359258f9a412be7e73af65d2aac \"><div class=\"porto-u-main-heading\"><h2   style=\"font-weight:700;font-size:25px;line-height:50px;\">Serstakt f\u00f8royskt urtate<\/h2><\/div><style>.porto-u-55ca8359258f9a412be7e73af65d2aac.porto-u-heading{text-align:center}<\/style><\/div>[\/vc_column][\/vc_row][vc_row wrap_container=&#8221;yes&#8221; disable_element=&#8221;yes&#8221; css=&#8221;.vc_custom_1656688800567{padding-bottom: 50px !important;background-color: #efefef !important;}&#8221; el_class=&#8221;order-history&#8221;][vc_column width=&#8221;1\/3&#8243;][vc_single_image image=&#8221;2755&#8243; img_size=&#8221;full&#8221;][\/vc_column][vc_column width=&#8221;2\/3&#8243; css=&#8221;.vc_custom_1518510041939{padding-top: 20px !important;}&#8221;][vc_column_text]F\u00f8royska n\u00e1tt\u00faran goymir upp\u00e1 eina heilt serliga smakkiuppliving, sum ikki f\u00e6st til h\u00f8ldar a\u00f0rasta\u00f0ni. URT er n\u00fdstovna\u00f0 felag, sum Durita Hansen \u00far Havn hevur sett \u00e1 stovn. Felagi\u00f0 kanna\u00f0i \u00ed fj\u00f8r samansetingar av f\u00f8royskum urtum, vi\u00f0 t\u00ed fyri eyga at menna og framlei\u00f0a f\u00f8royskt urtat\u00e9. Uppskriftin til tr\u00fd serst\u00f8k f\u00f8roysk urtate er funnin. Smakkiroyndir eru gj\u00f8rdar, i\u00f0 sta\u00f0festu, at undirt\u00f8kan er sera g\u00f3\u00f0.<\/p>\n<p>\u00cd summar 2022, er \u00e6tlanin at koma \u00e1 markna\u00f0in vi\u00f0 2022 pakkum av f\u00f8royskum urtatei.<\/p>\n<p>Helvtin av tilfarinum til t\u00e9-i\u00f0 er dyrka\u00f0 \u00e1 egnum stykki og helvtin eru villar urtir, sum loyvi er fingi\u00f0 til vega at taka.<\/p>\n<h3>Meira um endam\u00e1li\u00f0 vi\u00f0 fyrit\u00f8kuni<\/h3>\n<p>Ein g\u00f3\u00f0ur t\u00e9mu\u00f0ur, er sum at f\u00e1a eitt klemm innan\u00edfr\u00e1. Tey flestu av okkum liva ein hektiskan dagligdag, vi\u00f0 n\u00f3gvum dagligdagsstressi. At bryggja s\u00e6r ein kopp av t\u00e9, hj\u00e1lpir til at gira ni\u00f0ur og nj\u00f3ta l\u00f8tuna.<\/p>\n<p>F\u00f8royska n\u00e1tt\u00faran er \u00e1 tremur vi\u00f0 urtum og bl\u00f3mum, sum stu\u00f0la undir j\u00fast hesum endam\u00e1li og okkum t\u00f8rvar einans at taka hendan aldagamla si\u00f0arv uppaftur, fyri at merkja fyrimunirnar.[\/vc_column_text][\/vc_column][\/vc_row][vc_row wrap_container=&#8221;yes&#8221; css=&#8221;.vc_custom_1656688884594{padding-top: 16px !important;}&#8221;][vc_column width=&#8221;5\/6&#8243; offset=&#8221;vc_col-md-offset-2 vc_col-md-8 vc_col-sm-offset-1&#8243;]<div class=\"porto-u-heading  wpb_custom_95aa9a11c17ad45cfabaf210d84ee7cc porto-u-55ca8359258f9a412be7e73af65d2aac \"><div class=\"porto-u-sub-heading\" style=\"\">\n<h2>Serstakt f\u00f8royskt urtate<\/h2>\n<p><\/div><style>.porto-u-55ca8359258f9a412be7e73af65d2aac.porto-u-heading{text-align:center}<\/style><\/div>[vc_column_text css=&#8221;&#8221; css_params=&#8221;&#8221;]<\/p>\n<p class=\"p1\">URT, var\u00f0 stovna\u00f0 av Duritu Hansen \u00ed 2022, t\u00e1 hon setti s\u00e6r fyri at skapa serstakt f\u00f8royskt urtate. \u00cd 2022 lat URT \u00far hondum tr\u00fd urtabland, sum v\u00f3r\u00f0u v\u00e6l m\u00f3ttikin. Hesi tr\u00fd urtabland hava sta\u00f0i\u00f0 sum ein t\u00fd\u00f0andi partur av \u00fatbo\u00f0num s\u00ed\u00f0ani.<\/p>\n<p class=\"p1\"><span class=\"s1\">URT leggur dent \u00e1 bur\u00f0ardygd, og helvtin av okkara tilfari til tei\u00f0 ver\u00f0ur dyrka\u00f0 \u00e1 egnum jar\u00f0arstykkjum, me\u00f0an hin helvtin eru villar urtir, sum vit hava fingi\u00f0 loyvi at heysta. \u00cd onkrum av okkara blandum n\u00fdta vit eisini \u00fatlendskar urtir fyri at skapa eitt fj\u00f8lbroytt \u00farval av smakkum. T\u00f3 eru okkara serbland, sum vit framlei\u00f0a vi\u00f0 f\u00f8royskari n\u00e1tt\u00faru sum \u00edbl\u00e1stri, alt\u00ed\u00f0 100% f\u00f8roysk og innihalda einans urtir \u00far F\u00f8royum.<\/span><\/p>\n<h3>Okkara endam\u00e1l.<\/h3>\n<p class=\"p1\"><span class=\"s1\">Hj\u00e1 URT er okkara visj\u00f3n at endurskapa sambandi\u00f0 millum menniskju og n\u00e1tt\u00faru. Ein g\u00f3\u00f0ur koppur av te er sum eitt klemm innan\u00edfr\u00e1 og minnir okkum \u00e1 okkara dj\u00fapa samband vi\u00f0 n\u00e1tt\u00faruna. \u00cd einum skundmiklum heimi, gevur te okkum m\u00f8guleika at ste\u00f0ga \u00e1, seta fer\u00f0ina ni\u00f0ur og nj\u00f3ta t\u00e6r sm\u00e1u l\u00f8turnar. F\u00f8roysku urtirnar stu\u00f0la undir hesum endam\u00e1li, og eru harumframt ein m\u00e1ti at f\u00e1a f\u00f8roysku n\u00e1tt\u00faruna inn \u00ed hv\u00f8nn dag.<\/span><\/p>\n<p>[\/vc_column_text][vc_row_inner][vc_column_inner width=&#8221;1\/3&#8243;][vc_single_image image=&#8221;2755&#8243; img_size=&#8221;full&#8221;][\/vc_column_inner][vc_column_inner width=&#8221;2\/3&#8243;][\/vc_column_inner][\/vc_row_inner][\/vc_column][\/vc_row][vc_row disable_element=&#8221;yes&#8221; conditional_render=&#8221;%5B%7B%22value_role%22%3A%22administrator%22%7D%5D&#8221;][vc_column][vc_column_text]<\/p>\n<h2>Sign up for our newsletter<\/h2>\n<p>[\/vc_column_text][vc_raw_html]JTNDJTIxLS0lMjBCZWdpbiUyME1haWxjaGltcCUyMFNpZ251cCUyMEZvcm0lMjAtLSUzRSUwQSUzQ2xpbmslMjBocmVmJTNEJTIyJTJGJTJGY2RuLWltYWdlcy5tYWlsY2hpbXAuY29tJTJGZW1iZWRjb2RlJTJGY2xhc3NpYy0wNzE4MjIuY3NzJTIyJTIwcmVsJTNEJTIyc3R5bGVzaGVldCUyMiUyMHR5cGUlM0QlMjJ0ZXh0JTJGY3NzJTIyJTNFJTBBJTNDc3R5bGUlMjB0eXBlJTNEJTIydGV4dCUyRmNzcyUyMiUzRSUwQSUwOSUyM21jX2VtYmVkX3NpZ251cCU3QmJhY2tncm91bmQlM0ElMjNmZmYlM0IlMjBjbGVhciUzQWxlZnQlM0IlMjBmb250JTNBMTRweCUyMEhlbHZldGljYSUyQ0FyaWFsJTJDc2Fucy1zZXJpZiUzQiUyMCUyMHdpZHRoJTNBNjAwcHglM0IlN0QlMEElMDklMkYlMkElMjBBZGQlMjB5b3VyJTIwb3duJTIwTWFpbGNoaW1wJTIwZm9ybSUyMHN0eWxlJTIwb3ZlcnJpZGVzJTIwaW4lMjB5b3VyJTIwc2l0ZSUyMHN0eWxlc2hlZXQlMjBvciUyMGluJTIwdGhpcyUyMHN0eWxlJTIwYmxvY2suJTBBJTA5JTIwJTIwJTIwV2UlMjByZWNvbW1lbmQlMjBtb3ZpbmclMjB0aGlzJTIwYmxvY2slMjBhbmQlMjB0aGUlMjBwcmVjZWRpbmclMjBDU1MlMjBsaW5rJTIwdG8lMjB0aGUlMjBIRUFEJTIwb2YlMjB5b3VyJTIwSFRNTCUyMGZpbGUuJTIwJTJBJTJGJTBBJTNDJTJGc3R5bGUlM0UlMEElM0NkaXYlMjBpZCUzRCUyMm1jX2VtYmVkX3NpZ251cCUyMiUzRSUwQSUyMCUyMCUyMCUyMCUzQ2Zvcm0lMjBhY3Rpb24lM0QlMjJodHRwcyUzQSUyRiUyRnVydC51czE0Lmxpc3QtbWFuYWdlLmNvbSUyRnN1YnNjcmliZSUyRnBvc3QlM0Z1JTNEYjRjMWY2ZjVjMjVlZTAzZWJkOWNiNWRiNiUyNmFtcCUzQmlkJTNEOGU5OWY3OTNhYiUyNmFtcCUzQmZfaWQlM0QwMDVmZmJlMGYwJTIyJTIwbWV0aG9kJTNEJTIycG9zdCUyMiUyMGlkJTNEJTIybWMtZW1iZWRkZWQtc3Vic2NyaWJlLWZvcm0lMjIlMjBuYW1lJTNEJTIybWMtZW1iZWRkZWQtc3Vic2NyaWJlLWZvcm0lMjIlMjBjbGFzcyUzRCUyMnZhbGlkYXRlJTIyJTIwdGFyZ2V0JTNEJTIyX2JsYW5rJTIyJTIwbm92YWxpZGF0ZSUzRSUwQSUyMCUyMCUyMCUyMCUyMCUyMCUyMCUyMCUzQ2RpdiUyMGlkJTNEJTIybWNfZW1iZWRfc2lnbnVwX3Njcm9sbCUyMiUzRSUwQSUyMCUyMCUyMCUyMCUyMCUyMCUyMCUyMCUwQSUyMCUyMCUyMCUyMCUyMCUyMCUyMCUyMCUzQ2RpdiUyMGNsYXNzJTNEJTIyaW5kaWNhdGVzLXJlcXVpcmVkJTIyJTNFJTNDc3BhbiUyMGNsYXNzJTNEJTIyYXN0ZXJpc2slMjIlM0UlMkElM0MlMkZzcGFuJTNFJTIwa3JhdmRpciUyMHRlaWdhciUzQyUyRmRpdiUzRSUwQSUzQ2RpdiUyMGNsYXNzJTNEJTIybWMtZmllbGQtZ3JvdXAlMjIlM0UlMEElMDklM0NsYWJlbCUyMGZvciUzRCUyMm1jZS1FTUFJTCUyMiUzRVRlbGR1cG9zdHVyJTIwJTIwJTNDc3BhbiUyMGNsYXNzJTNEJTIyYXN0ZXJpc2slMjIlM0UlMkElM0MlMkZzcGFuJTNFJTBBJTNDJTJGbGFiZWwlM0UlMEElMDklM0NpbnB1dCUyMHR5cGUlM0QlMjJlbWFpbCUyMiUyMHZhbHVlJTNEJTIyJTIyJTIwbmFtZSUzRCUyMkVNQUlMJTIyJTIwY2xhc3MlM0QlMjJyZXF1aXJlZCUyMGVtYWlsJTIyJTIwaWQlM0QlMjJtY2UtRU1BSUwlMjIlMjByZXF1aXJlZCUzRSUwQSUwOSUzQ3NwYW4lMjBpZCUzRCUyMm1jZS1FTUFJTC1IRUxQRVJURVhUJTIyJTIwY2xhc3MlM0QlMjJoZWxwZXJfdGV4dCUyMiUzRSUzQyUyRnNwYW4lM0UlMEElM0MlMkZkaXYlM0UlMEElM0NkaXYlMjBjbGFzcyUzRCUyMm1jLWZpZWxkLWdyb3VwJTIyJTNFJTBBJTA5JTNDbGFiZWwlMjBmb3IlM0QlMjJtY2UtRk5BTUUlMjIlM0VGb3JuYXZuJTIwJTNDJTJGbGFiZWwlM0UlMEElMDklM0NpbnB1dCUyMHR5cGUlM0QlMjJ0ZXh0JTIyJTIwdmFsdWUlM0QlMjIlMjIlMjBuYW1lJTNEJTIyRk5BTUUlMjIlMjBjbGFzcyUzRCUyMiUyMiUyMGlkJTNEJTIybWNlLUZOQU1FJTIyJTNFJTBBJTA5JTNDc3BhbiUyMGlkJTNEJTIybWNlLUZOQU1FLUhFTFBFUlRFWFQlMjIlMjBjbGFzcyUzRCUyMmhlbHBlcl90ZXh0JTIyJTNFJTNDJTJGc3BhbiUzRSUwQSUzQyUyRmRpdiUzRSUwQSUwOSUzQ2RpdiUyMGlkJTNEJTIybWNlLXJlc3BvbnNlcyUyMiUyMGNsYXNzJTNEJTIyY2xlYXIlMjBmb290JTIyJTNFJTBBJTA5JTA5JTNDZGl2JTIwY2xhc3MlM0QlMjJyZXNwb25zZSUyMiUyMGlkJTNEJTIybWNlLWVycm9yLXJlc3BvbnNlJTIyJTIwc3R5bGUlM0QlMjJkaXNwbGF5JTNBbm9uZSUyMiUzRSUzQyUyRmRpdiUzRSUwQSUwOSUwOSUzQ2RpdiUyMGNsYXNzJTNEJTIycmVzcG9uc2UlMjIlMjBpZCUzRCUyMm1jZS1zdWNjZXNzLXJlc3BvbnNlJTIyJTIwc3R5bGUlM0QlMjJkaXNwbGF5JTNBbm9uZSUyMiUzRSUzQyUyRmRpdiUzRSUwQSUwOSUzQyUyRmRpdiUzRSUyMCUyMCUyMCUyMCUzQyUyMS0tJTIwcmVhbCUyMHBlb3BsZSUyMHNob3VsZCUyMG5vdCUyMGZpbGwlMjB0aGlzJTIwaW4lMjBhbmQlMjBleHBlY3QlMjBnb29kJTIwdGhpbmdzJTIwLSUyMGRvJTIwbm90JTIwcmVtb3ZlJTIwdGhpcyUyMG9yJTIwcmlzayUyMGZvcm0lMjBib3QlMjBzaWdudXBzLS0lM0UlMEElMjAlMjAlMjAlMjAlM0NkaXYlMjBzdHlsZSUzRCUyMnBvc2l0aW9uJTNBJTIwYWJzb2x1dGUlM0IlMjBsZWZ0JTNBJTIwLTUwMDBweCUzQiUyMiUyMGFyaWEtaGlkZGVuJTNEJTIydHJ1ZSUyMiUzRSUzQ2lucHV0JTIwdHlwZSUzRCUyMnRleHQlMjIlMjBuYW1lJTNEJTIyYl9iNGMxZjZmNWMyNWVlMDNlYmQ5Y2I1ZGI2XzhlOTlmNzkzYWIlMjIlMjB0YWJpbmRleCUzRCUyMi0xJTIyJTIwdmFsdWUlM0QlMjIlMjIlM0UlM0MlMkZkaXYlM0UlMEElMjAlMjAlMjAlMjAlMjAlMjAlMjAlMjAlM0NkaXYlMjBjbGFzcyUzRCUyMm9wdGlvbmFsUGFyZW50JTIyJTNFJTBBJTIwJTIwJTIwJTIwJTIwJTIwJTIwJTIwJTIwJTIwJTIwJTIwJTNDZGl2JTIwY2xhc3MlM0QlMjJjbGVhciUyMGZvb3QlMjIlM0UlMEElMjAlMjAlMjAlMjAlMjAlMjAlMjAlMjAlMjAlMjAlMjAlMjAlMjAlMjAlMjAlMjAlM0NpbnB1dCUyMHR5cGUlM0QlMjJzdWJtaXQlMjIlMjB2YWx1ZSUzRCUyMk1lbGRhJTIwdGlsJTIyJTIwbmFtZSUzRCUyMnN1YnNjcmliZSUyMiUyMGlkJTNEJTIybWMtZW1iZWRkZWQtc3Vic2NyaWJlJTIyJTIwY2xhc3MlM0QlMjJidXR0b24lMjIlM0UlMEElMjAlMjAlMjAlMjAlMjAlMjAlMjAlMjAlMjAlMjAlMjAlMjAlMjAlMjAlMjAlMjAlM0NwJTIwY2xhc3MlM0QlMjJicmFuZGluZ0xvZ28lMjIlM0UlM0NhJTIwaHJlZiUzRCUyMmh0dHAlM0ElMkYlMkZlZXB1cmwuY29tJTJGaDNMcU5qJTIyJTIwdGl0bGUlM0QlMjJNYWlsY2hpbXAlMjAtJTIwZW1haWwlMjBtYXJrZXRpbmclMjBtYWRlJTIwZWFzeSUyMGFuZCUyMGZ1biUyMiUzRSUzQ2ltZyUyMHNyYyUzRCUyMmh0dHBzJTNBJTJGJTJGZWVwLmlvJTJGbWMtY2RuLWltYWdlcyUyRnRlbXBsYXRlX2ltYWdlcyUyRmJyYW5kaW5nX2xvZ29fdGV4dF9kYXJrX2R0cC5zdmclMjIlM0UlM0MlMkZhJTNFJTNDJTJGcCUzRSUwQSUyMCUyMCUyMCUyMCUyMCUyMCUyMCUyMCUyMCUyMCUyMCUyMCUzQyUyRmRpdiUzRSUwQSUyMCUyMCUyMCUyMCUyMCUyMCUyMCUyMCUzQyUyRmRpdiUzRSUwQSUyMCUyMCUyMCUyMCUzQyUyRmRpdiUzRSUwQSUzQyUyRmZvcm0lM0UlMEElM0MlMkZkaXYlM0UlMEElM0NzY3JpcHQlMjB0eXBlJTNEJTI3dGV4dCUyRmphdmFzY3JpcHQlMjclMjBzcmMlM0QlMjclMkYlMkZzMy5hbWF6b25hd3MuY29tJTJGZG93bmxvYWRzLm1haWxjaGltcC5jb20lMkZqcyUyRm1jLXZhbGlkYXRlLmpzJTI3JTNFJTNDJTJGc2NyaXB0JTNFJTNDc2NyaXB0JTIwdHlwZSUzRCUyN3RleHQlMkZqYXZhc2NyaXB0JTI3JTNFJTI4ZnVuY3Rpb24lMjglMjQlMjklMjAlN0J3aW5kb3cuZm5hbWVzJTIwJTNEJTIwbmV3JTIwQXJyYXklMjglMjklM0IlMjB3aW5kb3cuZnR5cGVzJTIwJTNEJTIwbmV3JTIwQXJyYXklMjglMjklM0JmbmFtZXMlNUIwJTVEJTNEJTI3RU1BSUwlMjclM0JmdHlwZXMlNUIwJTVEJTNEJTI3ZW1haWwlMjclM0JmbmFtZXMlNUIxJTVEJTNEJTI3Rk5BTUUlMjclM0JmdHlwZXMlNUIxJTVEJTNEJTI3dGV4dCUyNyUzQmZuYW1lcyU1QjIlNUQlM0QlMjdMTkFNRSUyNyUzQmZ0eXBlcyU1QjIlNUQlM0QlMjd0ZXh0JTI3JTNCZm5hbWVzJTVCMyU1RCUzRCUyN0FERFJFU1MlMjclM0JmdHlwZXMlNUIzJTVEJTNEJTI3YWRkcmVzcyUyNyUzQmZuYW1lcyU1QjQlNUQlM0QlMjdQSE9ORSUyNyUzQmZ0eXBlcyU1QjQlNUQlM0QlMjdwaG9uZSUyNyUzQmZuYW1lcyU1QjUlNUQlM0QlMjdCSVJUSERBWSUyNyUzQmZ0eXBlcyU1QjUlNUQlM0QlMjdiaXJ0aGRheSUyNyUzQiU3RCUyOGpRdWVyeSUyOSUyOSUzQnZhciUyMCUyNG1jaiUyMCUzRCUyMGpRdWVyeS5ub0NvbmZsaWN0JTI4dHJ1ZSUyOSUzQiUzQyUyRnNjcmlwdCUzRSUwQSUzQyUyMS0tRW5kJTIwbWNfZW1iZWRfc2lnbnVwLS0lM0U=[\/vc_raw_html][\/vc_column][\/vc_row]<\/p>\n<\/div>","protected":false},"excerpt":{"rendered":"<p>[vc_row wrap_container=&#8221;yes&#8221; css=&#8221;.vc_custom_1655488761762{margin-bottom: 30px !important;padding-top: 16px !important;}&#8221;][vc_column width=&#8221;5\/6&#8243; offset=&#8221;vc_col-md-offset-2 vc_col-md-8 vc_col-sm-offset-1&#8243;][\/vc_column][\/vc_row][vc_row wrap_container=&#8221;yes&#8221; is_section=&#8221;yes&#8221;][vc_column][vc_column_text css=&#8221;&#8221; css_params=&#8221;&#8221;] URT h\u00f8vu\u00f0sblandini eru hesi: [\/vc_column_text][vc_row_inner][vc_column_inner width=&#8221;1\/3&#8243;][vc_single_image image=&#8221;2776&#8243; img_size=&#8221;medium&#8221; alignment=&#8221;center&#8221; title=&#8221;URT nr. 1&#8243;][vc_column_text] Nota, mynta, kannubj\u00f8lluv\u00edsa &amp; fennikufr\u00e6 [\/vc_column_text][vc_btn title=&#8221;Keyp URT nr. 1&#8243; style=&#8221;custom&#8221; custom_background=&#8221;#3b1994&#8243; custom_text=&#8221;#ebcfc8&#8243; shape=&#8221;square&#8221; size=&#8221;lg&#8221; align=&#8221;center&#8221; i_icon_fontawesome=&#8221;fas fa-shopping-basket&#8221; add_icon=&#8221;true&#8221; link=&#8221;url:https%3A%2F%2Furt.fo%2Fen%2Fhandil%2Fno-1-nettle-mint-horsetail-fennel%2F|title:Nr.%201%20%E2%80%93%20Nota%2C%20Mynta%2C%20Kannubj%C3%B8lluv%C3%ADsa%20%26%20Fennikufr%C3%A6|&#8221;][\/vc_column_inner][vc_column_inner width=&#8221;1\/3&#8243;][vc_single_image image=&#8221;2777&#8243; img_size=&#8221;medium&#8221; alignment=&#8221;center&#8221; title=&#8221;URT nr. 2&#8243;][vc_column_text css=&#8221;&#8221; [&hellip;]<\/p>\n","protected":false},"author":1,"featured_media":0,"parent":0,"menu_order":0,"comment_status":"closed","ping_status":"closed","template":"","meta":{"footnotes":""},"class_list":["post-2920","page","type-page","status-publish","hentry"],"yoast_head":"<!-- This site is optimized with the Yoast SEO plugin v27.5 - https:\/\/yoast.com\/product\/yoast-seo-wordpress\/ -->\n<title>About Urt - URT<\/title>\n<meta name=\"description\" content=\"At bryggja s\u00e6r ein kopp av t\u00e9, hj\u00e1lpir til at gira ni\u00f0ur og nj\u00f3ta l\u00f8tuna, sum er. F\u00f8royska n\u00e1tt\u00faran er \u00e1 tremur vi\u00f0 urtum og bl\u00f3mum, sum stu\u00f0la undir j\u00fast hesum endam\u00e1li og okkum t\u00f8rvar einans at taka hendan aldagamla si\u00f0arv uppaftur, fyri at merkja fyrimunirnar.\" \/>\n<meta name=\"robots\" content=\"index, follow, max-snippet:-1, max-image-preview:large, max-video-preview:-1\" \/>\n<link rel=\"canonical\" href=\"https:\/\/urt.fo\/en\/about\/\" \/>\n<meta property=\"og:locale\" content=\"en_US\" \/>\n<meta property=\"og:type\" content=\"article\" \/>\n<meta property=\"og:title\" content=\"Um URT\" \/>\n<meta property=\"og:description\" content=\"At bryggja s\u00e6r ein kopp av t\u00e9, hj\u00e1lpir til at gira ni\u00f0ur og nj\u00f3ta l\u00f8tuna, sum er. F\u00f8royska n\u00e1tt\u00faran er \u00e1 tremur vi\u00f0 urtum og bl\u00f3mum, sum stu\u00f0la undir j\u00fast hesum endam\u00e1li og okkum t\u00f8rvar einans at taka hendan aldagamla si\u00f0arv uppaftur, fyri at merkja fyrimunirnar.\" \/>\n<meta property=\"og:url\" content=\"https:\/\/urt.fo\/en\/about\/\" \/>\n<meta property=\"og:site_name\" content=\"URT\" \/>\n<meta property=\"article:publisher\" content=\"https:\/\/www.facebook.com\/urt.fo\/\" \/>\n<meta property=\"article:modified_time\" content=\"2024-11-10T18:59:05+00:00\" \/>\n<meta property=\"og:image\" content=\"https:\/\/urt.fo\/wp-content\/uploads\/2022\/07\/urt-fb-share-1200x630_03.jpg\" \/>\n\t<meta property=\"og:image:width\" content=\"1200\" \/>\n\t<meta property=\"og:image:height\" content=\"630\" \/>\n\t<meta property=\"og:image:type\" content=\"image\/jpeg\" \/>\n<meta name=\"twitter:card\" content=\"summary_large_image\" \/>\n<meta name=\"twitter:label1\" content=\"Est. reading time\" \/>\n\t<meta name=\"twitter:data1\" content=\"5 minutes\" \/>\n<script type=\"application\/ld+json\" class=\"yoast-schema-graph\">{\"@context\":\"https:\\\/\\\/schema.org\",\"@graph\":[{\"@type\":\"WebPage\",\"@id\":\"https:\\\/\\\/urt.fo\\\/en\\\/about\\\/\",\"url\":\"https:\\\/\\\/urt.fo\\\/en\\\/about\\\/\",\"name\":\"About Urt - URT\",\"isPartOf\":{\"@id\":\"https:\\\/\\\/urt.fo\\\/en\\\/#website\"},\"datePublished\":\"2022-06-12T08:41:12+00:00\",\"dateModified\":\"2024-11-10T18:59:05+00:00\",\"description\":\"At bryggja s\u00e6r ein kopp av t\u00e9, hj\u00e1lpir til at gira ni\u00f0ur og nj\u00f3ta l\u00f8tuna, sum er. F\u00f8royska n\u00e1tt\u00faran er \u00e1 tremur vi\u00f0 urtum og bl\u00f3mum, sum stu\u00f0la undir j\u00fast hesum endam\u00e1li og okkum t\u00f8rvar einans at taka hendan aldagamla si\u00f0arv uppaftur, fyri at merkja fyrimunirnar.\",\"breadcrumb\":{\"@id\":\"https:\\\/\\\/urt.fo\\\/en\\\/about\\\/#breadcrumb\"},\"inLanguage\":\"en-US\",\"potentialAction\":[{\"@type\":\"ReadAction\",\"target\":[\"https:\\\/\\\/urt.fo\\\/en\\\/about\\\/\"]}]},{\"@type\":\"BreadcrumbList\",\"@id\":\"https:\\\/\\\/urt.fo\\\/en\\\/about\\\/#breadcrumb\",\"itemListElement\":[{\"@type\":\"ListItem\",\"position\":1,\"name\":\"Fors\u00ed\u00f0a\",\"item\":\"https:\\\/\\\/urt.fo\\\/en\\\/\"},{\"@type\":\"ListItem\",\"position\":2,\"name\":\"About Urt\"}]},{\"@type\":\"WebSite\",\"@id\":\"https:\\\/\\\/urt.fo\\\/en\\\/#website\",\"url\":\"https:\\\/\\\/urt.fo\\\/en\\\/\",\"name\":\"URT\",\"description\":\"F\u00f8royskt urtat\u00e9\",\"publisher\":{\"@id\":\"https:\\\/\\\/urt.fo\\\/en\\\/#organization\"},\"potentialAction\":[{\"@type\":\"SearchAction\",\"target\":{\"@type\":\"EntryPoint\",\"urlTemplate\":\"https:\\\/\\\/urt.fo\\\/en\\\/?s={search_term_string}\"},\"query-input\":{\"@type\":\"PropertyValueSpecification\",\"valueRequired\":true,\"valueName\":\"search_term_string\"}}],\"inLanguage\":\"en-US\"},{\"@type\":\"Organization\",\"@id\":\"https:\\\/\\\/urt.fo\\\/en\\\/#organization\",\"name\":\"URT \u2013 F\u00f8royskt urtat\u00e9\",\"url\":\"https:\\\/\\\/urt.fo\\\/en\\\/\",\"logo\":{\"@type\":\"ImageObject\",\"inLanguage\":\"en-US\",\"@id\":\"https:\\\/\\\/urt.fo\\\/en\\\/#\\\/schema\\\/logo\\\/image\\\/\",\"url\":\"https:\\\/\\\/urt.fo\\\/wp-content\\\/uploads\\\/2022\\\/07\\\/urt-fb-share-1200x630_04.jpg\",\"contentUrl\":\"https:\\\/\\\/urt.fo\\\/wp-content\\\/uploads\\\/2022\\\/07\\\/urt-fb-share-1200x630_04.jpg\",\"width\":1200,\"height\":630,\"caption\":\"URT \u2013 F\u00f8royskt urtat\u00e9\"},\"image\":{\"@id\":\"https:\\\/\\\/urt.fo\\\/en\\\/#\\\/schema\\\/logo\\\/image\\\/\"},\"sameAs\":[\"https:\\\/\\\/www.facebook.com\\\/urt.fo\\\/\",\"https:\\\/\\\/www.instagram.com\\\/urt.fo\\\/\"]}]}<\/script>\n<!-- \/ Yoast SEO plugin. -->","yoast_head_json":{"title":"About Urt - URT","description":"At bryggja s\u00e6r ein kopp av t\u00e9, hj\u00e1lpir til at gira ni\u00f0ur og nj\u00f3ta l\u00f8tuna, sum er. F\u00f8royska n\u00e1tt\u00faran er \u00e1 tremur vi\u00f0 urtum og bl\u00f3mum, sum stu\u00f0la undir j\u00fast hesum endam\u00e1li og okkum t\u00f8rvar einans at taka hendan aldagamla si\u00f0arv uppaftur, fyri at merkja fyrimunirnar.","robots":{"index":"index","follow":"follow","max-snippet":"max-snippet:-1","max-image-preview":"max-image-preview:large","max-video-preview":"max-video-preview:-1"},"canonical":"https:\/\/urt.fo\/en\/about\/","og_locale":"en_US","og_type":"article","og_title":"Um URT","og_description":"At bryggja s\u00e6r ein kopp av t\u00e9, hj\u00e1lpir til at gira ni\u00f0ur og nj\u00f3ta l\u00f8tuna, sum er. F\u00f8royska n\u00e1tt\u00faran er \u00e1 tremur vi\u00f0 urtum og bl\u00f3mum, sum stu\u00f0la undir j\u00fast hesum endam\u00e1li og okkum t\u00f8rvar einans at taka hendan aldagamla si\u00f0arv uppaftur, fyri at merkja fyrimunirnar.","og_url":"https:\/\/urt.fo\/en\/about\/","og_site_name":"URT","article_publisher":"https:\/\/www.facebook.com\/urt.fo\/","article_modified_time":"2024-11-10T18:59:05+00:00","og_image":[{"width":1200,"height":630,"url":"https:\/\/urt.fo\/wp-content\/uploads\/2022\/07\/urt-fb-share-1200x630_03.jpg","type":"image\/jpeg"}],"twitter_card":"summary_large_image","twitter_misc":{"Est. reading time":"5 minutes"},"schema":{"@context":"https:\/\/schema.org","@graph":[{"@type":"WebPage","@id":"https:\/\/urt.fo\/en\/about\/","url":"https:\/\/urt.fo\/en\/about\/","name":"About Urt - URT","isPartOf":{"@id":"https:\/\/urt.fo\/en\/#website"},"datePublished":"2022-06-12T08:41:12+00:00","dateModified":"2024-11-10T18:59:05+00:00","description":"At bryggja s\u00e6r ein kopp av t\u00e9, hj\u00e1lpir til at gira ni\u00f0ur og nj\u00f3ta l\u00f8tuna, sum er. F\u00f8royska n\u00e1tt\u00faran er \u00e1 tremur vi\u00f0 urtum og bl\u00f3mum, sum stu\u00f0la undir j\u00fast hesum endam\u00e1li og okkum t\u00f8rvar einans at taka hendan aldagamla si\u00f0arv uppaftur, fyri at merkja fyrimunirnar.","breadcrumb":{"@id":"https:\/\/urt.fo\/en\/about\/#breadcrumb"},"inLanguage":"en-US","potentialAction":[{"@type":"ReadAction","target":["https:\/\/urt.fo\/en\/about\/"]}]},{"@type":"BreadcrumbList","@id":"https:\/\/urt.fo\/en\/about\/#breadcrumb","itemListElement":[{"@type":"ListItem","position":1,"name":"Fors\u00ed\u00f0a","item":"https:\/\/urt.fo\/en\/"},{"@type":"ListItem","position":2,"name":"About Urt"}]},{"@type":"WebSite","@id":"https:\/\/urt.fo\/en\/#website","url":"https:\/\/urt.fo\/en\/","name":"URT","description":"F\u00f8royskt urtat\u00e9","publisher":{"@id":"https:\/\/urt.fo\/en\/#organization"},"potentialAction":[{"@type":"SearchAction","target":{"@type":"EntryPoint","urlTemplate":"https:\/\/urt.fo\/en\/?s={search_term_string}"},"query-input":{"@type":"PropertyValueSpecification","valueRequired":true,"valueName":"search_term_string"}}],"inLanguage":"en-US"},{"@type":"Organization","@id":"https:\/\/urt.fo\/en\/#organization","name":"URT \u2013 F\u00f8royskt urtat\u00e9","url":"https:\/\/urt.fo\/en\/","logo":{"@type":"ImageObject","inLanguage":"en-US","@id":"https:\/\/urt.fo\/en\/#\/schema\/logo\/image\/","url":"https:\/\/urt.fo\/wp-content\/uploads\/2022\/07\/urt-fb-share-1200x630_04.jpg","contentUrl":"https:\/\/urt.fo\/wp-content\/uploads\/2022\/07\/urt-fb-share-1200x630_04.jpg","width":1200,"height":630,"caption":"URT \u2013 F\u00f8royskt urtat\u00e9"},"image":{"@id":"https:\/\/urt.fo\/en\/#\/schema\/logo\/image\/"},"sameAs":["https:\/\/www.facebook.com\/urt.fo\/","https:\/\/www.instagram.com\/urt.fo\/"]}]}},"_links":{"self":[{"href":"https:\/\/urt.fo\/en\/wp-json\/wp\/v2\/pages\/2920","targetHints":{"allow":["GET"]}}],"collection":[{"href":"https:\/\/urt.fo\/en\/wp-json\/wp\/v2\/pages"}],"about":[{"href":"https:\/\/urt.fo\/en\/wp-json\/wp\/v2\/types\/page"}],"author":[{"embeddable":true,"href":"https:\/\/urt.fo\/en\/wp-json\/wp\/v2\/users\/1"}],"replies":[{"embeddable":true,"href":"https:\/\/urt.fo\/en\/wp-json\/wp\/v2\/comments?post=2920"}],"version-history":[{"count":11,"href":"https:\/\/urt.fo\/en\/wp-json\/wp\/v2\/pages\/2920\/revisions"}],"predecessor-version":[{"id":3446,"href":"https:\/\/urt.fo\/en\/wp-json\/wp\/v2\/pages\/2920\/revisions\/3446"}],"wp:attachment":[{"href":"https:\/\/urt.fo\/en\/wp-json\/wp\/v2\/media?parent=2920"}],"curies":[{"name":"wp","href":"https:\/\/api.w.org\/{rel}","templated":true}]}}